{"id":332560,"date":"2022-03-08T17:20:13","date_gmt":"2022-03-08T17:20:13","guid":{"rendered":"https:\/\/jopuc.com\/botiga-online\/sin%20categor\u00eda\/essencia-camamilla\/"},"modified":"2024-06-10T20:12:38","modified_gmt":"2024-06-10T20:12:38","slug":"esencia-manzanilla","status":"publish","type":"product","link":"https:\/\/jopuc.com\/es\/product\/agua-florida\/esencia-manzanilla\/","title":{"rendered":"Agua Florida &#8211; Esencia Manzanilla"},"content":{"rendered":"<p><strong>El Agua Florida &#8211; jopuc Floral Aqua<\/strong> <strong>Manzanilla<\/strong> libera y prurifica el cuerpo emocional y astral, armoniza el plexo solar, nos ayuda a ver las cosas con tranquilidad y nos da equilibrio para liberar las crispaciones tanto f\u00edsicas como ps\u00edquicas. Ayuda a superar temores y angustias y reconforta a quien se seinte abandonado favoreciendo la acceptaci\u00f3n de uno mismo. Favorece la percepci\u00f3n de mensajes intuitivos para acceptar la realidad tal cual es.<\/p>\n<p><strong>Ingredientes<\/strong>: Aqua Lourdes, Alcohol denat, Citrus medica limonum peel, Citrus grandis peel, Citrus aurantium dulcis peel, Cinnamomum cassia, Lavandula angustifolia, Rosmarinus officinalis, Eugenia caryophyllus, Thymus vulgaris, Salvia officinalis, Mentha spicata, Laurus nobilis, Parfum.<\/p>\n","protected":false},"excerpt":{"rendered":"<p>(Impuestos incluidos)<\/p>\n<p>Manzanilla (CE3) \u2013 Chamaemelum Nobile. Libera y prurifica el cuerpo emocional y astral, armoniza el plexo solar, nos ayuda a ver las cosas con tranquilidad.<\/p>\n","protected":false},"featured_media":333096,"template":"","meta":{"_et_pb_use_builder":"","_et_pb_old_content":"","_et_gb_content_width":""},"product_brand":[],"product_cat":[69],"product_tag":[],"class_list":{"0":"post-332560","1":"product","2":"type-product","3":"status-publish","4":"has-post-thumbnail","6":"product_cat-agua-florida","8":"first","9":"instock","10":"taxable","11":"shipping-taxable","12":"purchasable","13":"product-type-simple"},"yoast_head":"<!-- This site is optimized with the Yoast SEO plugin v27.3 - https:\/\/yoast.com\/product\/yoast-seo-wordpress\/ -->\n<title>Agua Florida - Esencia Manzanilla | jopuc Floral Aqua<\/title>\n<meta name=\"description\" content=\"Agua Florida - jopuc Floral Aqua esencia Manzanilla libera y purifica el cuerpo emocional y astral, armoniza el plexo solar.\" \/>\n<meta name=\"robots\" content=\"index, follow, max-snippet:-1, max-image-preview:large, max-video-preview:-1\" \/>\n<link rel=\"canonical\" href=\"https:\/\/jopuc.com\/es\/product\/agua-florida\/esencia-manzanilla\/\" \/>\n<meta property=\"og:locale\" content=\"es_ES\" \/>\n<meta property=\"og:type\" content=\"article\" \/>\n<meta property=\"og:title\" content=\"Agua Florida - Esencia Manzanilla | jopuc Floral Aqua\" \/>\n<meta property=\"og:description\" content=\"Agua Florida - jopuc Floral Aqua esencia Manzanilla libera y purifica el cuerpo emocional y astral, armoniza el plexo solar.\" \/>\n<meta property=\"og:url\" content=\"https:\/\/jopuc.com\/es\/product\/agua-florida\/esencia-manzanilla\/\" \/>\n<meta property=\"og:site_name\" content=\"jopuc\" \/>\n<meta property=\"article:modified_time\" content=\"2024-06-10T20:12:38+00:00\" \/>\n<meta property=\"og:image\" content=\"https:\/\/jopuc.com\/wp-content\/uploads\/2022\/03\/agua-florida-camomila.png\" \/>\n\t<meta property=\"og:image:width\" content=\"540\" \/>\n\t<meta property=\"og:image:height\" content=\"570\" \/>\n\t<meta property=\"og:image:type\" content=\"image\/png\" \/>\n<meta name=\"twitter:card\" content=\"summary_large_image\" \/>\n<meta name=\"twitter:label1\" content=\"Tiempo de lectura\" \/>\n\t<meta name=\"twitter:data1\" content=\"1 minuto\" \/>\n<script type=\"application\/ld+json\" class=\"yoast-schema-graph\">{\"@context\":\"https:\\\/\\\/schema.org\",\"@graph\":[{\"@type\":\"WebPage\",\"@id\":\"https:\\\/\\\/jopuc.com\\\/es\\\/product\\\/agua-florida\\\/esencia-manzanilla\\\/\",\"url\":\"https:\\\/\\\/jopuc.com\\\/es\\\/product\\\/agua-florida\\\/esencia-manzanilla\\\/\",\"name\":\"Agua Florida - Esencia Manzanilla | jopuc Floral Aqua\",\"isPartOf\":{\"@id\":\"https:\\\/\\\/jopuc.com\\\/es\\\/#website\"},\"primaryImageOfPage\":{\"@id\":\"https:\\\/\\\/jopuc.com\\\/es\\\/product\\\/agua-florida\\\/esencia-manzanilla\\\/#primaryimage\"},\"image\":{\"@id\":\"https:\\\/\\\/jopuc.com\\\/es\\\/product\\\/agua-florida\\\/esencia-manzanilla\\\/#primaryimage\"},\"thumbnailUrl\":\"https:\\\/\\\/jopuc.com\\\/wp-content\\\/uploads\\\/2022\\\/03\\\/agua-florida-camomila.png\",\"datePublished\":\"2022-03-08T17:20:13+00:00\",\"dateModified\":\"2024-06-10T20:12:38+00:00\",\"description\":\"Agua Florida - jopuc Floral Aqua esencia Manzanilla libera y purifica el cuerpo emocional y astral, armoniza el plexo solar.\",\"breadcrumb\":{\"@id\":\"https:\\\/\\\/jopuc.com\\\/es\\\/product\\\/agua-florida\\\/esencia-manzanilla\\\/#breadcrumb\"},\"inLanguage\":\"es\",\"potentialAction\":[{\"@type\":\"ReadAction\",\"target\":[\"https:\\\/\\\/jopuc.com\\\/es\\\/product\\\/agua-florida\\\/esencia-manzanilla\\\/\"]}]},{\"@type\":\"ImageObject\",\"inLanguage\":\"es\",\"@id\":\"https:\\\/\\\/jopuc.com\\\/es\\\/product\\\/agua-florida\\\/esencia-manzanilla\\\/#primaryimage\",\"url\":\"https:\\\/\\\/jopuc.com\\\/wp-content\\\/uploads\\\/2022\\\/03\\\/agua-florida-camomila.png\",\"contentUrl\":\"https:\\\/\\\/jopuc.com\\\/wp-content\\\/uploads\\\/2022\\\/03\\\/agua-florida-camomila.png\",\"width\":540,\"height\":570},{\"@type\":\"BreadcrumbList\",\"@id\":\"https:\\\/\\\/jopuc.com\\\/es\\\/product\\\/agua-florida\\\/esencia-manzanilla\\\/#breadcrumb\",\"itemListElement\":[{\"@type\":\"ListItem\",\"position\":1,\"name\":\"Home\",\"item\":\"https:\\\/\\\/jopuc.com\\\/es\\\/\"},{\"@type\":\"ListItem\",\"position\":2,\"name\":\"Tienda\",\"item\":\"https:\\\/\\\/jopuc.com\\\/es\\\/tienda\\\/\"},{\"@type\":\"ListItem\",\"position\":3,\"name\":\"Agua Florida &#8211; Esencia Manzanilla\"}]},{\"@type\":\"WebSite\",\"@id\":\"https:\\\/\\\/jopuc.com\\\/es\\\/#website\",\"url\":\"https:\\\/\\\/jopuc.com\\\/es\\\/\",\"name\":\"jopuc\",\"description\":\"Forma part d&#039;un projecte amb consci\u00e8ncia\",\"publisher\":{\"@id\":\"https:\\\/\\\/jopuc.com\\\/es\\\/#organization\"},\"potentialAction\":[{\"@type\":\"SearchAction\",\"target\":{\"@type\":\"EntryPoint\",\"urlTemplate\":\"https:\\\/\\\/jopuc.com\\\/es\\\/?s={search_term_string}\"},\"query-input\":{\"@type\":\"PropertyValueSpecification\",\"valueRequired\":true,\"valueName\":\"search_term_string\"}}],\"inLanguage\":\"es\"},{\"@type\":\"Organization\",\"@id\":\"https:\\\/\\\/jopuc.com\\\/es\\\/#organization\",\"name\":\"jopuc\",\"url\":\"https:\\\/\\\/jopuc.com\\\/es\\\/\",\"logo\":{\"@type\":\"ImageObject\",\"inLanguage\":\"es\",\"@id\":\"https:\\\/\\\/jopuc.com\\\/es\\\/#\\\/schema\\\/logo\\\/image\\\/\",\"url\":\"https:\\\/\\\/jopuc.com\\\/wp-content\\\/uploads\\\/2021\\\/06\\\/LogoJoPuc-scaled.jpg\",\"contentUrl\":\"https:\\\/\\\/jopuc.com\\\/wp-content\\\/uploads\\\/2021\\\/06\\\/LogoJoPuc-scaled.jpg\",\"width\":2560,\"height\":2560,\"caption\":\"jopuc\"},\"image\":{\"@id\":\"https:\\\/\\\/jopuc.com\\\/es\\\/#\\\/schema\\\/logo\\\/image\\\/\"}}]}<\/script>\n<!-- \/ Yoast SEO plugin. -->","yoast_head_json":{"title":"Agua Florida - Esencia Manzanilla | jopuc Floral Aqua","description":"Agua Florida - jopuc Floral Aqua esencia Manzanilla libera y purifica el cuerpo emocional y astral, armoniza el plexo solar.","robots":{"index":"index","follow":"follow","max-snippet":"max-snippet:-1","max-image-preview":"max-image-preview:large","max-video-preview":"max-video-preview:-1"},"canonical":"https:\/\/jopuc.com\/es\/product\/agua-florida\/esencia-manzanilla\/","og_locale":"es_ES","og_type":"article","og_title":"Agua Florida - Esencia Manzanilla | jopuc Floral Aqua","og_description":"Agua Florida - jopuc Floral Aqua esencia Manzanilla libera y purifica el cuerpo emocional y astral, armoniza el plexo solar.","og_url":"https:\/\/jopuc.com\/es\/product\/agua-florida\/esencia-manzanilla\/","og_site_name":"jopuc","article_modified_time":"2024-06-10T20:12:38+00:00","og_image":[{"width":540,"height":570,"url":"https:\/\/jopuc.com\/wp-content\/uploads\/2022\/03\/agua-florida-camomila.png","type":"image\/png"}],"twitter_card":"summary_large_image","twitter_misc":{"Tiempo de lectura":"1 minuto"},"schema":{"@context":"https:\/\/schema.org","@graph":[{"@type":"WebPage","@id":"https:\/\/jopuc.com\/es\/product\/agua-florida\/esencia-manzanilla\/","url":"https:\/\/jopuc.com\/es\/product\/agua-florida\/esencia-manzanilla\/","name":"Agua Florida - Esencia Manzanilla | jopuc Floral Aqua","isPartOf":{"@id":"https:\/\/jopuc.com\/es\/#website"},"primaryImageOfPage":{"@id":"https:\/\/jopuc.com\/es\/product\/agua-florida\/esencia-manzanilla\/#primaryimage"},"image":{"@id":"https:\/\/jopuc.com\/es\/product\/agua-florida\/esencia-manzanilla\/#primaryimage"},"thumbnailUrl":"https:\/\/jopuc.com\/wp-content\/uploads\/2022\/03\/agua-florida-camomila.png","datePublished":"2022-03-08T17:20:13+00:00","dateModified":"2024-06-10T20:12:38+00:00","description":"Agua Florida - jopuc Floral Aqua esencia Manzanilla libera y purifica el cuerpo emocional y astral, armoniza el plexo solar.","breadcrumb":{"@id":"https:\/\/jopuc.com\/es\/product\/agua-florida\/esencia-manzanilla\/#breadcrumb"},"inLanguage":"es","potentialAction":[{"@type":"ReadAction","target":["https:\/\/jopuc.com\/es\/product\/agua-florida\/esencia-manzanilla\/"]}]},{"@type":"ImageObject","inLanguage":"es","@id":"https:\/\/jopuc.com\/es\/product\/agua-florida\/esencia-manzanilla\/#primaryimage","url":"https:\/\/jopuc.com\/wp-content\/uploads\/2022\/03\/agua-florida-camomila.png","contentUrl":"https:\/\/jopuc.com\/wp-content\/uploads\/2022\/03\/agua-florida-camomila.png","width":540,"height":570},{"@type":"BreadcrumbList","@id":"https:\/\/jopuc.com\/es\/product\/agua-florida\/esencia-manzanilla\/#breadcrumb","itemListElement":[{"@type":"ListItem","position":1,"name":"Home","item":"https:\/\/jopuc.com\/es\/"},{"@type":"ListItem","position":2,"name":"Tienda","item":"https:\/\/jopuc.com\/es\/tienda\/"},{"@type":"ListItem","position":3,"name":"Agua Florida &#8211; Esencia Manzanilla"}]},{"@type":"WebSite","@id":"https:\/\/jopuc.com\/es\/#website","url":"https:\/\/jopuc.com\/es\/","name":"jopuc","description":"Forma part d&#039;un projecte amb consci\u00e8ncia","publisher":{"@id":"https:\/\/jopuc.com\/es\/#organization"},"potentialAction":[{"@type":"SearchAction","target":{"@type":"EntryPoint","urlTemplate":"https:\/\/jopuc.com\/es\/?s={search_term_string}"},"query-input":{"@type":"PropertyValueSpecification","valueRequired":true,"valueName":"search_term_string"}}],"inLanguage":"es"},{"@type":"Organization","@id":"https:\/\/jopuc.com\/es\/#organization","name":"jopuc","url":"https:\/\/jopuc.com\/es\/","logo":{"@type":"ImageObject","inLanguage":"es","@id":"https:\/\/jopuc.com\/es\/#\/schema\/logo\/image\/","url":"https:\/\/jopuc.com\/wp-content\/uploads\/2021\/06\/LogoJoPuc-scaled.jpg","contentUrl":"https:\/\/jopuc.com\/wp-content\/uploads\/2021\/06\/LogoJoPuc-scaled.jpg","width":2560,"height":2560,"caption":"jopuc"},"image":{"@id":"https:\/\/jopuc.com\/es\/#\/schema\/logo\/image\/"}}]}},"_links":{"self":[{"href":"https:\/\/jopuc.com\/es\/wp-json\/wp\/v2\/product\/332560","targetHints":{"allow":["GET"]}}],"collection":[{"href":"https:\/\/jopuc.com\/es\/wp-json\/wp\/v2\/product"}],"about":[{"href":"https:\/\/jopuc.com\/es\/wp-json\/wp\/v2\/types\/product"}],"wp:featuredmedia":[{"embeddable":true,"href":"https:\/\/jopuc.com\/es\/wp-json\/wp\/v2\/media\/333096"}],"wp:attachment":[{"href":"https:\/\/jopuc.com\/es\/wp-json\/wp\/v2\/media?parent=332560"}],"wp:term":[{"taxonomy":"product_brand","embeddable":true,"href":"https:\/\/jopuc.com\/es\/wp-json\/wp\/v2\/product_brand?post=332560"},{"taxonomy":"product_cat","embeddable":true,"href":"https:\/\/jopuc.com\/es\/wp-json\/wp\/v2\/product_cat?post=332560"},{"taxonomy":"product_tag","embeddable":true,"href":"https:\/\/jopuc.com\/es\/wp-json\/wp\/v2\/product_tag?post=332560"}],"curies":[{"name":"wp","href":"https:\/\/api.w.org\/{rel}","templated":true}]}}